{"id":88,"date":"2021-05-03T16:17:17","date_gmt":"2021-05-03T16:17:17","guid":{"rendered":"https:\/\/lovenails.dk\/?page_id=88"},"modified":"2025-02-14T22:00:02","modified_gmt":"2025-02-14T22:00:02","slug":"acryl","status":"publish","type":"page","link":"https:\/\/lovenails.dk\/index.php\/acryl\/","title":{"rendered":"ACRYL NEGLE"},"content":{"rendered":"<p>Du kender det sikkert godt. Du st\u00e5r i forretningen og ser ekspedientens h\u00e6nder og bem\u00e6rker straks hendes flotte, feminine negle. Du ved godt, de er kunstige, men det \u00e6ndrer ikke p\u00e5, hvor meget neglene kl\u00e6der h\u00e5nden og fuldender det stilede look.<\/p>\n<p>Hvis du har pr\u00f8vet det, har du formentlig ogs\u00e5 oplevet, hvad der sker efterf\u00f8lgende. Du kigger ned p\u00e5 dine egne negle, piller lidt jord ud, du har haft siddende under pegefinger neglen. Og s\u00e5 f\u00f8rer du langsomt, men sikkert din h\u00e5nd tilbage i lommen, i handsken eller i hvert fald v\u00e6k fra dit synsfelt.<\/p>\n<p>Og du er ikke den eneste, der synes, ekspedientens negle er flotte. Unders\u00f8gelser viser nemlig, at m\u00e6nd f\u00f8ler sig tiltrukket af lange, flotte negle, da de udstr\u00e5ler kvindelighed og er en del af de tydelige feminine tr\u00e6k ved en kvinde, som er umiddelbare og tilg\u00e6ngelige for alle \u2013 ogs\u00e5 for dem, der ikke p\u00e5 forh\u00e5nd kender kvinden.<\/p>\n<p>Men hvordan f\u00e5r man smukke negle? Haven skal jo ordnes, t\u00f8jet skal vaskes, b\u00f8rnene skal bades, opvasken skal tages. Alle forskellige g\u00f8rem\u00e5l, der dog har det tilf\u00e6lles, at h\u00e6nderne er det prim\u00e6re arbejdsredskab, og det slider p\u00e5 de neglene og deres naturlige beskyttelse.<\/p>\n<p>Det kr\u00e6ver derfor en tidskr\u00e6vende og n\u00e6sten umenneskelig indsats at pleje og behandle neglene s\u00e5ledes, at de p\u00e5 naturligvis kan vokse sig lange og flotte. Og selv med den h\u00e6derlige indsats er \u00e9t sikkert. De naturlige negle kommer ikke til at ligne ekspedientens kunstige negle.<\/p>\n<p><strong>Kunstige negle<\/strong>\u00a0er ikke bare kunstige negle. Der findes et hav af muligheder og kombinationer. Selvom man kan f\u00e5 en venlig og kompetent vejledning hos professionelle fagfolk, kan det v\u00e6re en god id\u00e9, at man p\u00e5 forh\u00e5nd s\u00e6tter sig ind i det forskellige muligheder, s\u00e5 man opn\u00e5r det \u00f8nskede resultat og f\u00e5r pr\u00e6cis de negle, man \u00f8nsker sig. For der er stor forskel p\u00e5 de forskellige slags kunstige negle, man kan f\u00e5.<\/p>\n<p>Man kan eksempelvis st\u00e5 med valget mellem\u00a0<strong>akryl negle, gele negle og shellak neglebehandling<\/strong>. Den ene er ikke n\u00f8dvendigvis bedre end den anden, men de har nogle forskellige fordele, som er gode at kende. Akryl negle er et yderst popul\u00e6rt valg, som mange v\u00e6lger, og det er der mange grunde til.<\/p>\n<h2>Hvad er akryl negle?<\/h2>\n<p>Akryl negle er op til 8 gange st\u00e6rkere end vores naturlige negle og giver smukke, tynde negle. Akrylnegle best\u00e5r som navnet antyder af akryl, som produceres af en blanding af et akrylpulver og en akryl-v\u00e6ske.<\/p>\n<p>Derefter l\u00e6gges massen p\u00e5 de naturlige negle, hvorefter massen h\u00e6rdes ved hj\u00e6lp af luftt\u00f8rring. Massen integrerer sig s\u00e5 at sige i den naturlige negl, og akrylneglene holder derfor meget l\u00e6nge og er meget robuste. Neglene er meget popul\u00e6re, da de som sagt har en h\u00f8j holdbarhed og prisen er meget rimelig i forhold til udbyttet.<\/p>\n<p>Akryl negle kan med fordel og meget let fyldes op, n\u00e5r den naturlige negl vokser ud. Man vil selvf\u00f8lgelig kunne se en forskel p\u00e5 akryl neglen (og alle andre kunstige negle) og den naturlige negl efter nogle uger, men s\u00e5 kan man komme tilbage til neglesalonen og f\u00e5 udlignet forskellen.<\/p>\n<h2>Kan man lave sine egne akryl negle?<\/h2>\n<p>Akryl negle er en meget anerkendt metode for kunstige negle, og neglesalonerne har benyttet teknikken i mange \u00e5r. Gennem de seneste \u00e5rtier er der dukket flere nye metoder op, men akryl er stadig en kundefavorit, ligesom mange behandlere anbefaler metoden.<\/p>\n<p>Man kan finde mange billige og gode l\u00f8sninger, n\u00e5r man \u00f8nsker at f\u00e5 lavet akrylnegle hos en professionel. Desuden er man sikret et tilfredsstillende resultat hver gang, og man kan naturligvis komme med indvendinger, hvis man ikke er tilfreds.<\/p>\n<p>Hos en professionel negletekniker kan man desuden v\u00e6lge mellem et hav af designs, farver, l\u00e6ngder, typer mm., og man er sikret en ensartet behandling p\u00e5 alle negle.<\/p>\n<p>Mange sp\u00f8rger imidlertid, om man ikke kan lave akrylnegle selv, og det er naturligvis en mulighed, som er flittigt benyttet. \u00d8nsker man at lave sine egne akrylnegle, er der dog mange ting, man b\u00f8r v\u00e6re opm\u00e6rksom p\u00e5.<\/p>\n<p>Eksempelvis er der en stor f\u00f8rstegangs betaling forbundet med at investere i de forn\u00f8dne materialer og redskaber, som kr\u00e6ves for at kunne p\u00e5begynde arbejdet. N\u00e5r man har anskaffet sig remedierne, kan man g\u00e5 i gang, men det kr\u00e6ver en god fingermotorik og en masse tr\u00e6ning.<\/p>\n<p>Mange oplever derfor, at de f\u00f8rste mange resultater bliver utilfredsstillende, fordi man f\u00e5r et uensartet resultat p\u00e5 de forskellige fingre, ligesom der typisk vil v\u00e6re markant forskel p\u00e5 h\u00f8jre og venstre h\u00e5nd, da langt st\u00f8rstedelen har en favorith\u00e5nd at arbejde med.<\/p>\n<p>Hvis man lader neglene t\u00f8rre og er utilfreds med resultatet, er man enten n\u00f8dt til at affinde sig med det eller bruge en rum tid p\u00e5 at opl\u00f8se neglene med acetone og p\u00e5begynde processen p\u00e5 ny. Denne proces er opslidende for de naturlige negle, der naturligvis ikke bliver \u00f8delagt af de kunstige negle, men bliver slidt af un\u00f8dige aftagninger og p\u00e5s\u00e6tninger af kunstige negle.<\/p>\n<p>En stor andel af de forhenv\u00e6rende g\u00f8r det selv-entusiaster mister derfor motivation og entusiasme og ender med helt at opgive at f\u00e5 lagt kunstige negle. Andre igen mister motivationen og ops\u00f8ger en professionel efter at have brugt en un\u00f8digt stor sum penge p\u00e5 at erhverve sig et startkit.<\/p>\n<p>Hvis man imidlertid s\u00e6tter pris p\u00e5 h\u00e5ndarbejde og elsker at n\u00f8rkle med sm\u00e5ting, er det oplagt at anskaffe et starts\u00e6t og fors\u00f8ge sig frem, eksempelvis p\u00e5 kunstige h\u00e6nder eller p\u00e5 en fors\u00f8gsperson. \u00d8velse g\u00f8r mester, men \u00f8velsen tager tid og kr\u00e6ver koncentration og motivation. Hvis man har tiden og lysten til at blive bedre, kan det sagtens betale sig at anskaffe det nye \u201dleget\u00f8j\u201d.<\/p>\n<p>\u00d8nsker man hurtige, flotte resultater uden en stor f\u00f8rstegangs betaling, b\u00f8r man overveje at ops\u00f8ge en professionel, som ikke bare kan levere de flotte negle, men ogs\u00e5 kan vejlede, hvorvidt man b\u00f8r v\u00e6lge akryl-, gele-, eller shellak negle. Det er nemlig b\u00e5de et sp\u00f8rgsm\u00e5l om egen pr\u00e6ference, men ogs\u00e5 et sp\u00f8rgsm\u00e5l om negletype, og hvilken holdbarhed man \u00f8nsker.<\/p>\n<h2>Hvorfor v\u00e6lge akryl negle?<\/h2>\n<p>Som tidligere n\u00e6vnt er der mange grunde til at v\u00e6lge akrylnegle. Neglene er meget st\u00e6rke og har en h\u00f8j holdbarhed. Neglene ser naturlige ud og er meget tynde.<\/p>\n<p>Nogle sv\u00e6rger til akryl negle frem for gele negle og shellak negle. Gele negle l\u00e6gger sig oven p\u00e5 neglene og t\u00f8rres med UV- eller LED-lys.<\/p>\n<p>Gele neglene er ofte lidt tykkere og en smule mere fleksible, hvilket kan afv\u00e6rge et meget lille ubehag, som kan opleves med akryl negle, hvis man sl\u00e5r dem mod noget.<\/p>\n<p>Til geng\u00e6ld skal gele neglene files af. Dette kan man g\u00f8re selv, men det kr\u00e6ver stor forsigtighed, hvis man ikke \u00f8nsker at \u00f8del\u00e6gge naturneglens beskyttende lag.<\/p>\n<p>Alternativt kan man f\u00e5 en professionel til at g\u00f8re det nemt og sikkert. Akrylneglene kan opl\u00f8ses i acetone, hvilket man enten kan g\u00f8re selv, eller f\u00e5 en professionel til i forbindelse med p\u00e5s\u00e6tningen af nye negle.<\/p>\n<p>Shellak-negle er et godt alternativ til akrylnegle, hvis man er tilfreds med den nuv\u00e6rende l\u00e6ngde p\u00e5 neglene. Shellak er s\u00e5ledes en neglelak i geleform, som ligesom geleneglene t\u00f8rres i UV- eller LED-lys. Det giver et flot, feminint look i mindst to uger, og det forst\u00e6rker den naturlige negl. Shellak-negle er derfor ikke p\u00e5 samme m\u00e5de en kunstig negl, men en forst\u00e6rkning af den blivende negl.<\/p>\n<p>Om man \u00f8nsker akryl- eller gelenegle er alts\u00e5 et sp\u00f8rgsm\u00e5l om smag og pr\u00e6ference, men ogs\u00e5 en afvejning af, hvad man \u00f8nsker, de skal holde til, og hvordan man typisk bruger sine h\u00e6nder og negle.<\/p>\n<p>&nbsp;<\/p>\n<p style=\"text-align: center;\"><a href=\"https:\/\/love-nails-aps.planway.com\">DU KAN BOOK TIL AKRYL NEGLE HER<\/a><\/p>\n","protected":false},"excerpt":{"rendered":"<p>Du kender det sikkert godt. Du st\u00e5r i forretningen og ser ekspedientens h\u00e6nder og bem\u00e6rker straks hendes flotte, feminine negle. Du ved godt, de er kunstige, men det \u00e6ndrer ikke p\u00e5, hvor meget neglene kl\u00e6der h\u00e5nden og fuldender det stilede look. Hvis du har pr\u00f8vet det, har du formentlig ogs\u00e5 oplevet, hvad der sker efterf\u00f8lgende. &hellip; <\/p>\n<p><a class=\"more-link btn\" href=\"https:\/\/lovenails.dk\/index.php\/acryl\/\">L\u00e6s mere<\/a><\/p>\n","protected":false},"author":1,"featured_media":0,"parent":0,"menu_order":0,"comment_status":"closed","ping_status":"closed","template":"","meta":{"_crdt_document":"","slim_seo":{"title":"ACRYL NEGLE","description":"Du kender det sikkert godt. Du st\u00e5r i forretningen og ser ekspedientens h\u00e6nder og bem\u00e6rker straks hendes flotte, feminine negle. Du ved godt, de er kunstige, me"},"footnotes":""},"class_list":["post-88","page","type-page","status-publish","hentry","nodate","item-wrap"],"jetpack_sharing_enabled":true,"_links":{"self":[{"href":"https:\/\/lovenails.dk\/index.php\/wp-json\/wp\/v2\/pages\/88","targetHints":{"allow":["GET"]}}],"collection":[{"href":"https:\/\/lovenails.dk\/index.php\/wp-json\/wp\/v2\/pages"}],"about":[{"href":"https:\/\/lovenails.dk\/index.php\/wp-json\/wp\/v2\/types\/page"}],"author":[{"embeddable":true,"href":"https:\/\/lovenails.dk\/index.php\/wp-json\/wp\/v2\/users\/1"}],"replies":[{"embeddable":true,"href":"https:\/\/lovenails.dk\/index.php\/wp-json\/wp\/v2\/comments?post=88"}],"version-history":[{"count":9,"href":"https:\/\/lovenails.dk\/index.php\/wp-json\/wp\/v2\/pages\/88\/revisions"}],"predecessor-version":[{"id":2115,"href":"https:\/\/lovenails.dk\/index.php\/wp-json\/wp\/v2\/pages\/88\/revisions\/2115"}],"wp:attachment":[{"href":"https:\/\/lovenails.dk\/index.php\/wp-json\/wp\/v2\/media?parent=88"}],"curies":[{"name":"wp","href":"https:\/\/api.w.org\/{rel}","templated":true}]}}