{"id":27,"date":"2021-05-03T13:46:58","date_gmt":"2021-05-03T13:46:58","guid":{"rendered":"https:\/\/lovenails.dk\/?page_id=27"},"modified":"2021-12-07T09:14:42","modified_gmt":"2021-12-07T09:14:42","slug":"priser","status":"publish","type":"page","link":"https:\/\/lovenails.dk\/index.php\/priser\/","title":{"rendered":"PRISER"},"content":{"rendered":"<p><a href=\"https:\/\/lovesnailsdk.onlinebooq.dk\/\"><img loading=\"lazy\" decoding=\"async\" class=\"aligncenter size-medium wp-image-306\" src=\"https:\/\/lovenails.dk\/wp-content\/uploads\/2021\/10\/SlonneSurrMD22-300x76.png\" alt=\"\" width=\"300\" height=\"76\" \/><\/a><\/p>\n<p>&nbsp;<\/p>\n<p>&nbsp;<\/p>\n<p>STANDARD AKRYL NYT S\u00c6T (KUNSTIG NEGLE &amp; EGEN NEGLE)<\/p>\n<div class=\"box table sortable ui-sortable-handle\" data-id=\"16075\">\n<table class=\"hover-row\">\n<thead>\n<tr>\n<th>SERVICE<\/th>\n<th class=\"colors\">FARVE<\/th>\n<th class=\"availability center\">KAN BESTILLES ONLINE<\/th>\n<th class=\"duration\">VARIGHED<\/th>\n<th class=\"price right\">PRIS<\/th>\n<th class=\"more\"><\/th>\n<\/tr>\n<\/thead>\n<tbody class=\"sortable ui-sortable\" data-category-id=\"16075\">\n<tr class=\"ui-sortable-handle\" data-id=\"210152\">\n<td class=\"name tags\">AKRYL OMBRE (NYT S\u00c6T)<\/td>\n<td class=\"colors\"><\/td>\n<td class=\"center availability\">JA<\/td>\n<td class=\"duration\">CA 75 min<\/td>\n<td class=\"right\">680,00 kr.<\/td>\n<td class=\"more\"><\/td>\n<\/tr>\n<tr class=\"ui-sortable-handle\" data-id=\"154923\">\n<td class=\"name tags\">AKRYL PINK &amp; WHITE ( NYT S\u00c6T)<\/td>\n<td class=\"colors\"><\/td>\n<td class=\"center availability\">JA<\/td>\n<td class=\"duration\">CA 75 min<\/td>\n<td class=\"right\">680,00 kr.<\/td>\n<td class=\"more\"><\/td>\n<\/tr>\n<tr class=\"ui-sortable-handle\" data-id=\"97498\">\n<td class=\"name tags\">AKRYL MED GLIMMER ( NYT S\u00c6T)<\/td>\n<td class=\"colors\"><\/td>\n<td class=\"center availability\">JA<\/td>\n<td class=\"duration\">CA 75 min<\/td>\n<td class=\"right\">680,00 kr.<\/td>\n<td class=\"more\"><\/td>\n<\/tr>\n<tr class=\"ui-sortable-handle\" data-id=\"97499\">\n<td class=\"name tags\">AKRYL MED SHELLACK (NYT S\u00c6T)<\/td>\n<td class=\"colors\"><\/td>\n<td class=\"center availability\">JA<\/td>\n<td class=\"duration\">CA 75 min<\/td>\n<td class=\"right\">620,00 kr.<\/td>\n<td class=\"more\"><\/td>\n<\/tr>\n<tr class=\"ui-sortable-handle\" data-id=\"97506\">\n<td class=\"name tags\">AKRYL MED NEGLELAK (NYT S\u00c6T)<\/td>\n<td class=\"colors\"><\/td>\n<td class=\"center availability\">JA<\/td>\n<td class=\"duration\">CA 75 min<\/td>\n<td class=\"right\">570,00 kr.<\/td>\n<td class=\"more\"><\/td>\n<\/tr>\n<tr class=\"ui-sortable-handle\" data-id=\"97500\">\n<td class=\"name tags\">AKRYL NATURLIG ( NYT S\u00c6T)<\/td>\n<td class=\"colors\"><\/td>\n<td class=\"center availability\">JA<\/td>\n<td class=\"duration\">CA75 min<\/td>\n<td class=\"right\">550,00 kr.<\/td>\n<td class=\"more\"><\/td>\n<\/tr>\n<\/tbody>\n<\/table>\n<\/div>\n<div class=\"box table sortable ui-sortable-handle\" data-id=\"16079\">\n<header>\n<h2>STANDARD AKRYL OPFYLDNING (KUNSTIG NEGLE &amp; EGEN NEGLE)<\/h2>\n<\/header>\n<table class=\"hover-row\">\n<thead>\n<tr>\n<th>SERVICE<\/th>\n<th class=\"colors\">FARVE<\/th>\n<th class=\"availability center\">KAN BESTILLES ONLINE<\/th>\n<th class=\"duration\">VARIGHED<\/th>\n<th class=\"price right\">PRIS<\/th>\n<th class=\"more\"><\/th>\n<\/tr>\n<\/thead>\n<tbody class=\"sortable ui-sortable\" data-category-id=\"16079\">\n<tr class=\"ui-sortable-handle\" data-id=\"210153\">\n<td class=\"name tags\">AKRYL OMBRE (OPFYLDNING)<\/td>\n<td class=\"colors\"><\/td>\n<td class=\"center availability\">JA<\/td>\n<td class=\"duration\">CA 75 min<\/td>\n<td class=\"right\">580,00 kr.<\/td>\n<td class=\"more\"><\/td>\n<\/tr>\n<tr class=\"ui-sortable-handle\" data-id=\"97556\">\n<td class=\"name tags\">AKRYL PINK &amp; WHITE (OPFYLDNING)<\/td>\n<td class=\"colors\"><\/td>\n<td class=\"center availability\">JA<\/td>\n<td class=\"duration\">CA 75 min<\/td>\n<td class=\"right\">580,00 kr.<\/td>\n<td class=\"more\"><\/td>\n<\/tr>\n<tr class=\"ui-sortable-handle\" data-id=\"97558\">\n<td class=\"name tags\">AKRYL MED GLIMMER (OPFYLDNING)<\/td>\n<td class=\"colors\"><\/td>\n<td class=\"center availability\">JA<\/td>\n<td class=\"duration\">CA 75 min<\/td>\n<td class=\"right\">580,00 kr.<\/td>\n<td class=\"more\"><\/td>\n<\/tr>\n<tr class=\"ui-sortable-handle\" data-id=\"97559\">\n<td class=\"name tags\">AKRYL MED SHELLAK (OPFYLDNING)<\/td>\n<td class=\"colors\"><\/td>\n<td class=\"center availability\">JA<\/td>\n<td class=\"duration\">CA 75 min<\/td>\n<td class=\"right\">520,00 kr.<\/td>\n<td class=\"more\"><\/td>\n<\/tr>\n<tr class=\"ui-sortable-handle\" data-id=\"97557\">\n<td class=\"name tags\">AKRYL MED NEGLELAK (OPFYLDNING)<\/td>\n<td class=\"colors\"><\/td>\n<td class=\"center availability\">JA<\/td>\n<td class=\"duration\">CA 75 min<\/td>\n<td class=\"right\">470,00 kr.<\/td>\n<td class=\"more\"><\/td>\n<\/tr>\n<tr class=\"ui-sortable-handle\" data-id=\"97560\">\n<td class=\"name tags\">AKRYL NATURLIG (OPFYLDNING)<\/td>\n<td class=\"colors\"><\/td>\n<td class=\"center availability\">JA<\/td>\n<td class=\"duration\">CA 75 min<\/td>\n<td class=\"right\">450,00 kr.<\/td>\n<td class=\"more\"><\/td>\n<\/tr>\n<\/tbody>\n<\/table>\n<\/div>\n<div class=\"box table sortable ui-sortable-handle\" data-id=\"16078\">\n<header>\n<h2>STANDARD GEL\u00c9 NYT S\u00c6T (KUNSTIG NEGLE &amp; EGEN NEGLE)<\/h2>\n<\/header>\n<table class=\"hover-row\">\n<thead>\n<tr>\n<th>SERVICE<\/th>\n<th class=\"colors\">FARVE<\/th>\n<th class=\"availability center\">KAN BESTILLES ONLINE<\/th>\n<th class=\"duration\">VARIGHED<\/th>\n<th class=\"price right\">PRIS<\/th>\n<th class=\"more\"><\/th>\n<\/tr>\n<\/thead>\n<tbody class=\"sortable ui-sortable\" data-category-id=\"16078\">\n<tr class=\"ui-sortable-handle\" data-id=\"97501\">\n<td class=\"name tags\">GEL\u00c9 PINK &amp; WHITE (NYT S\u00c6T)<\/td>\n<td class=\"colors\"><\/td>\n<td class=\"center availability\">JA<\/td>\n<td class=\"duration\">CA 75 min<\/td>\n<td class=\"right\">780,00 kr.<\/td>\n<td class=\"more\"><\/td>\n<\/tr>\n<tr class=\"ui-sortable-handle\" data-id=\"97502\">\n<td class=\"name tags\">GEL\u00c9 MED GLIMMER (NYT S\u00c6T)<\/td>\n<td class=\"colors\"><\/td>\n<td class=\"center availability\">JA<\/td>\n<td class=\"duration\">CA 75 min<\/td>\n<td class=\"right\">780,00 kr.<\/td>\n<td class=\"more\"><\/td>\n<\/tr>\n<tr class=\"ui-sortable-handle\" data-id=\"97503\">\n<td class=\"name tags\">GEL\u00c9 MED SHELLAK (NYT S\u00c6T)<\/td>\n<td class=\"colors\"><\/td>\n<td class=\"center availability\">JA<\/td>\n<td class=\"duration\">CA 75 min<\/td>\n<td class=\"right\">700,00 kr.<\/td>\n<td class=\"more\"><\/td>\n<\/tr>\n<tr class=\"ui-sortable-handle\" data-id=\"97504\">\n<td class=\"name tags\">GEL\u00c9 MED NEGLELAK (NYT S\u00c6T)<\/td>\n<td class=\"colors\"><\/td>\n<td class=\"center availability\">JA<\/td>\n<td class=\"duration\">CA 75 min<\/td>\n<td class=\"right\">650,00 kr.<\/td>\n<td class=\"more\"><\/td>\n<\/tr>\n<tr class=\"ui-sortable-handle\" data-id=\"97505\">\n<td class=\"name tags\">GEL\u00c9 NATURLIG (NYT S\u00c6T)<\/td>\n<td class=\"colors\"><\/td>\n<td class=\"center availability\">JA<\/td>\n<td class=\"duration\">CA 75 min<\/td>\n<td class=\"right\">600,00 kr.<\/td>\n<td class=\"more\"><\/td>\n<\/tr>\n<\/tbody>\n<\/table>\n<\/div>\n<div class=\"box table sortable ui-sortable-handle\" data-id=\"16081\">\n<header>\n<h2>STANDARD GEL\u00c9 OPFYLDNING (KUNSTIG NEGLE &amp; EGEN NEGLE)<\/h2>\n<\/header>\n<table class=\"hover-row\">\n<thead>\n<tr>\n<th>SERVICE<\/th>\n<th class=\"colors\">FARVE<\/th>\n<th class=\"availability center\">KAN BESTILLES ONLINE<\/th>\n<th class=\"duration\">VARIGHED<\/th>\n<th class=\"price right\">PRIS<\/th>\n<th class=\"more\"><\/th>\n<\/tr>\n<\/thead>\n<tbody class=\"sortable ui-sortable\" data-category-id=\"16081\">\n<tr class=\"ui-sortable-handle\" data-id=\"97563\">\n<td class=\"name tags\">GEL\u00c9 PINK &amp; WHITE (OPFYLDNING)<\/td>\n<td class=\"colors\"><\/td>\n<td class=\"center availability\">JA<\/td>\n<td class=\"duration\">CA 75 min<\/td>\n<td class=\"right\">680,00 kr.<\/td>\n<td class=\"more\"><\/td>\n<\/tr>\n<tr class=\"ui-sortable-handle\" data-id=\"97564\">\n<td class=\"name tags\">GEL\u00c9 MED GLIMMER (OPFYLDNING)<\/td>\n<td class=\"colors\"><\/td>\n<td class=\"center availability\">JA<\/td>\n<td class=\"duration\">CA 75 min<\/td>\n<td class=\"right\">680,00 kr.<\/td>\n<td class=\"more\"><\/td>\n<\/tr>\n<tr class=\"ui-sortable-handle\" data-id=\"97565\">\n<td class=\"name tags\">GEL\u00c9 MED SHELLAK (OPFYLDNING)<\/td>\n<td class=\"colors\"><\/td>\n<td class=\"center availability\">JA<\/td>\n<td class=\"duration\">CA 75 min<\/td>\n<td class=\"right\">600,00 kr.<\/td>\n<td class=\"more\"><\/td>\n<\/tr>\n<tr class=\"ui-sortable-handle\" data-id=\"97566\">\n<td class=\"name tags\">GEL\u00c9 MED NEGLELAK (OPFYLDNING)<\/td>\n<td class=\"colors\"><\/td>\n<td class=\"center availability\">JA<\/td>\n<td class=\"duration\">CA 75 min<\/td>\n<td class=\"right\">550,00 kr.<\/td>\n<td class=\"more\"><\/td>\n<\/tr>\n<tr class=\"ui-sortable-handle\" data-id=\"97567\">\n<td class=\"name tags\">GEL\u00c9 NATURLIG OPFYLDNING)<\/td>\n<td class=\"colors\"><\/td>\n<td class=\"center availability\">JA<\/td>\n<td class=\"duration\">CA 75 min<\/td>\n<td class=\"right\">500,00 kr.<\/td>\n<td class=\"more\"><\/td>\n<\/tr>\n<\/tbody>\n<\/table>\n<\/div>\n<div class=\"box table sortable ui-sortable-handle\" data-id=\"35063\">\n<header>\n<h2>DESIGN SKAL MAIL\u00b4S IND P\u00c5 SERVICE@LOVESNAILS.DK<\/h2>\n<\/header>\n<table class=\"hover-row\">\n<thead>\n<tr>\n<th>SERVICE<\/th>\n<th class=\"colors\">FARVE<\/th>\n<th class=\"availability center\">KAN BESTILLES ONLINE<\/th>\n<th class=\"duration\">VARIGHED<\/th>\n<th class=\"price right\">PRIS<\/th>\n<th class=\"more\"><\/th>\n<\/tr>\n<\/thead>\n<tbody class=\"sortable ui-sortable\" data-category-id=\"35063\">\n<tr class=\"ui-sortable-handle\" data-id=\"210160\">\n<td class=\"name tags\">DESIGN 1-2 FINGER FRA<\/td>\n<td class=\"colors\"><\/td>\n<td class=\"center availability\">NEJ<\/td>\n<td class=\"duration\">CA 10 min<\/td>\n<td class=\"right\">100,00 kr.<\/td>\n<td class=\"more\"><\/td>\n<\/tr>\n<tr class=\"ui-sortable-handle\" data-id=\"210161\">\n<td class=\"name tags\">DESIGN 10 FINGER NEM FRA<\/td>\n<td class=\"colors\"><\/td>\n<td class=\"center availability\">NEJ<\/td>\n<td class=\"duration\">CA30 min<\/td>\n<td class=\"right\">300,00 kr.<\/td>\n<td class=\"more\"><\/td>\n<\/tr>\n<tr class=\"ui-sortable-handle\" data-id=\"210162\">\n<td class=\"name tags\">DESIGN 10 FINGER SV\u00c6RT FRA<\/td>\n<td class=\"colors\"><\/td>\n<td class=\"center availability\">NEJ<\/td>\n<td class=\"duration\">CA 60 min<\/td>\n<td class=\"right\">500,00 kr.<\/td>\n<td class=\"more\"><\/td>\n<\/tr>\n<tr class=\"ui-sortable-handle\" data-id=\"210163\">\n<td class=\"name tags\">DESIGN 10 FINGER MEGA SV\u00c6RT FRA<\/td>\n<td class=\"colors\"><\/td>\n<td class=\"center availability\">NEJ<\/td>\n<td class=\"duration\">CA 240 min<\/td>\n<td class=\"right\">10.000,00 kr.<\/td>\n<td class=\"more\"><\/td>\n<\/tr>\n<tr class=\"ui-sortable-handle\" data-id=\"75252\">\n<td class=\"name tags\">STEN PR STK<\/td>\n<td class=\"colors\"><\/td>\n<td class=\"center availability\">JA<\/td>\n<td class=\"duration\">CA 5 min<\/td>\n<td class=\"right\">5,00 kr.<\/td>\n<td class=\"more\"><\/td>\n<\/tr>\n<\/tbody>\n<\/table>\n<\/div>\n<div class=\"box table sortable ui-sortable-handle\" data-id=\"12629\">\n<header>\n<h2>SPA MANICURE CND<\/h2>\n<\/header>\n<table class=\"hover-row\">\n<thead>\n<tr>\n<th>SERVICE<\/th>\n<th class=\"colors\">FARVE<\/th>\n<th class=\"availability center\">KAN BESTILLES ONLINE<\/th>\n<th class=\"duration\">VARIGHED<\/th>\n<th class=\"price right\">PRIS<\/th>\n<th class=\"more\"><\/th>\n<\/tr>\n<\/thead>\n<tbody class=\"sortable ui-sortable\" data-category-id=\"12629\">\n<tr class=\"ui-sortable-handle\" data-id=\"75235\">\n<td class=\"name tags\">SPA MANICURE NATURLIG CND<\/td>\n<td class=\"colors\"><\/td>\n<td class=\"center availability\">JA<\/td>\n<td class=\"duration\">CA 45 min<\/td>\n<td class=\"right\">300,00 kr.<\/td>\n<td class=\"more\"><\/td>\n<\/tr>\n<tr class=\"ui-sortable-handle\" data-id=\"75239\">\n<td class=\"name tags\">SPA MANICURE MED NEGLELAK<\/td>\n<td class=\"colors\"><\/td>\n<td class=\"center availability\">JA<\/td>\n<td class=\"duration\">CA 45 min<\/td>\n<td class=\"right\">350,00 kr.<\/td>\n<td class=\"more\"><\/td>\n<\/tr>\n<tr class=\"ui-sortable-handle\" data-id=\"90770\">\n<td class=\"name tags\">SPA MANICURE MED NEGLELAK FRANSK<\/td>\n<td class=\"colors\"><\/td>\n<td class=\"center availability\">JA<\/td>\n<td class=\"duration\">CA 45 min<\/td>\n<td class=\"right\">350,00 kr.<\/td>\n<td class=\"more\"><\/td>\n<\/tr>\n<tr class=\"ui-sortable-handle\" data-id=\"75238\">\n<td class=\"name tags\">SPA MANICURE MED SHELAK<\/td>\n<td class=\"colors\"><\/td>\n<td class=\"center availability\">JA<\/td>\n<td class=\"duration\">CA 45 min<\/td>\n<td class=\"right\">400,00 kr.<\/td>\n<td class=\"more\"><\/td>\n<\/tr>\n<tr class=\"ui-sortable-handle\" data-id=\"90657\">\n<td class=\"name tags\">SPA MANICURE MED SHELAK FRANSK<\/td>\n<td class=\"colors\"><\/td>\n<td class=\"center availability\">JA<\/td>\n<td class=\"duration\">CA 45 min<\/td>\n<td class=\"right\">450,00 kr.<\/td>\n<td class=\"more\"><\/td>\n<\/tr>\n<\/tbody>\n<\/table>\n<\/div>\n<div class=\"box table sortable ui-sortable-handle\" data-id=\"35067\">\n<header>\n<h2>UDEN MANICURE<\/h2>\n<\/header>\n<table class=\"hover-row\">\n<thead>\n<tr>\n<th>SERVICE<\/th>\n<th class=\"colors\">FARVE<\/th>\n<th class=\"availability center\">KAN BESTILLES ONLINE<\/th>\n<th class=\"duration\">VARIGHED<\/th>\n<th class=\"price right\">PRIS<\/th>\n<th class=\"more\"><\/th>\n<\/tr>\n<\/thead>\n<tbody class=\"sortable ui-sortable\" data-category-id=\"35067\">\n<tr class=\"ui-sortable-handle\" data-id=\"201893\">\n<td class=\"name tags\">NEGLELAK P\u00c5 EGEN H\u00c6NDER U\/MANICURE<\/td>\n<td class=\"colors\"><\/td>\n<td class=\"center availability\">JA<\/td>\n<td class=\"duration\">CA 30 min<\/td>\n<td class=\"right\">150,00 kr.<\/td>\n<td class=\"more\"><\/td>\n<\/tr>\n<tr class=\"ui-sortable-handle\" data-id=\"76070\">\n<td class=\"name tags\">SHELLAK P\u00c5 EGEN NEGLE U\/MANICURE<\/td>\n<td class=\"colors\"><\/td>\n<td class=\"center availability\">JA<\/td>\n<td class=\"duration\">CA 30 min<\/td>\n<td class=\"right\">350,00 kr.<\/td>\n<td class=\"more\"><\/td>\n<\/tr>\n<\/tbody>\n<\/table>\n<\/div>\n<div class=\"box table sortable ui-sortable-handle\" data-id=\"12630\">\n<header>\n<h2>SPA PEDICURE CND<\/h2>\n<\/header>\n<table class=\"hover-row\">\n<thead>\n<tr>\n<th>SERVICE<\/th>\n<th class=\"colors\">FARVE<\/th>\n<th class=\"availability center\">KAN BESTILLES ONLINE<\/th>\n<th class=\"duration\">VARIGHED<\/th>\n<th class=\"price right\">PRIS<\/th>\n<th class=\"more\"><\/th>\n<\/tr>\n<\/thead>\n<tbody class=\"sortable ui-sortable\" data-category-id=\"12630\">\n<tr class=\"ui-sortable-handle\" data-id=\"75241\">\n<td class=\"name tags\">SPA PEDICURE NATURLIG CND<\/td>\n<td class=\"colors\"><\/td>\n<td class=\"center availability\">JA<\/td>\n<td class=\"duration\">CA 45 min<\/td>\n<td class=\"right\">450,00 kr.<\/td>\n<td class=\"more\"><\/td>\n<\/tr>\n<tr class=\"ui-sortable-handle\" data-id=\"75243\">\n<td class=\"name tags\">SPA PEDICURE MED NEGLELAK CND<\/td>\n<td class=\"colors\"><\/td>\n<td class=\"center availability\">JA<\/td>\n<td class=\"duration\">CA 45 min<\/td>\n<td class=\"right\">450,00 kr.<\/td>\n<td class=\"more\"><\/td>\n<\/tr>\n<tr class=\"ui-sortable-handle\" data-id=\"90771\">\n<td class=\"name tags\">SPA PEDICURE MED NEGLELAK FRANSK<\/td>\n<td class=\"colors\"><\/td>\n<td class=\"center availability\">JA<\/td>\n<td class=\"duration\">CA 45 min<\/td>\n<td class=\"right\">450,00 kr.<\/td>\n<td class=\"more\"><\/td>\n<\/tr>\n<tr class=\"ui-sortable-handle\" data-id=\"75244\">\n<td class=\"name tags\">SPA PEDICURE MED SHELAK<\/td>\n<td class=\"colors\"><\/td>\n<td class=\"center availability\">JA<\/td>\n<td class=\"duration\">CA 45 min<\/td>\n<td class=\"right\">500,00 kr.<\/td>\n<td class=\"more\"><\/td>\n<\/tr>\n<tr class=\"ui-sortable-handle\" data-id=\"90658\">\n<td class=\"name tags\">SPA PEDICURE MED SHELLACK FRANSK<\/td>\n<td class=\"colors\"><\/td>\n<td class=\"center availability\">JA<\/td>\n<td class=\"duration\">CA45 min<\/td>\n<td class=\"right\">550,00 kr.<\/td>\n<td class=\"more\"><\/td>\n<\/tr>\n<\/tbody>\n<\/table>\n<\/div>\n<div class=\"box table sortable ui-sortable-handle\" data-id=\"12631\">\n<header>\n<h2>SPA MANICURE &amp; PEDICURE CND<\/h2>\n<\/header>\n<table class=\"hover-row\">\n<thead>\n<tr>\n<th>SERVICE<\/th>\n<th class=\"colors\">FARVE<\/th>\n<th class=\"availability center\">KAN BESTILLES ONLINE<\/th>\n<th class=\"duration\">VARIGHED<\/th>\n<th class=\"price right\">PRIS<\/th>\n<th class=\"more\"><\/th>\n<\/tr>\n<\/thead>\n<tbody class=\"sortable ui-sortable\" data-category-id=\"12631\">\n<tr class=\"ui-sortable-handle\" data-id=\"75246\">\n<td class=\"name tags\">SPA MANICURE &amp; PEDICURE NATURLIG<\/td>\n<td class=\"colors\"><\/td>\n<td class=\"center availability\">JA<\/td>\n<td class=\"duration\">CA 90 min<\/td>\n<td class=\"right\">750,00 kr.<\/td>\n<td class=\"more\"><\/td>\n<\/tr>\n<tr class=\"ui-sortable-handle\" data-id=\"75247\">\n<td class=\"name tags\">SPA MANICURE &amp; PEDICURE MED NEGLELAK<\/td>\n<td class=\"colors\"><\/td>\n<td class=\"center availability\">JA<\/td>\n<td class=\"duration\">CA 90 min<\/td>\n<td class=\"right\">800,00 kr.<\/td>\n<td class=\"more\"><\/td>\n<\/tr>\n<tr class=\"ui-sortable-handle\" data-id=\"100364\">\n<td class=\"name tags\">SPA MANICURE &amp; PEDICURE MED NEGLELAK FRANSK<\/td>\n<td class=\"colors\"><\/td>\n<td class=\"center availability\">JA<\/td>\n<td class=\"duration\">CA 90 min<\/td>\n<td class=\"right\">800,00 kr.<\/td>\n<td class=\"more\"><\/td>\n<\/tr>\n<tr class=\"ui-sortable-handle\" data-id=\"75248\">\n<td class=\"name tags\">SPA MANICURE &amp; PEDICURE MED SHELLAK<\/td>\n<td class=\"colors\"><\/td>\n<td class=\"center availability\">JA<\/td>\n<td class=\"duration\">CA 90 min<\/td>\n<td class=\"right\">900,00 kr.<\/td>\n<td class=\"more\"><\/td>\n<\/tr>\n<tr class=\"ui-sortable-handle\" data-id=\"91228\">\n<td class=\"name tags\">SPA MANICURE &amp; PEDICURE MED SHELAK FRANSK<\/td>\n<td class=\"colors\"><\/td>\n<td class=\"center availability\">JA<\/td>\n<td class=\"duration\">CA 90 min<\/td>\n<td class=\"right\">1.000,00 kr.<\/td>\n<td class=\"more\"><\/td>\n<\/tr>\n<\/tbody>\n<\/table>\n<\/div>\n<div class=\"box table sortable ui-sortable-handle\" data-id=\"35065\">\n<header>\n<h2>REPARATION\/FJERNELSE ACRYL &amp; GELE NEGLE<\/h2>\n<\/header>\n<table class=\"hover-row\">\n<thead>\n<tr>\n<th>SERVICE<\/th>\n<th class=\"colors\">FARVE<\/th>\n<th class=\"availability center\">KAN BESTILLES ONLINE<\/th>\n<th class=\"duration\">VARIGHED<\/th>\n<th class=\"price right\">PRIS<\/th>\n<th class=\"more\"><\/th>\n<\/tr>\n<\/thead>\n<tbody class=\"sortable ui-sortable\" data-category-id=\"35065\">\n<tr class=\"ui-sortable-handle\" data-id=\"75226\">\n<td class=\"name tags\">REPARATION PR. NEGL<\/td>\n<td class=\"colors\"><\/td>\n<td class=\"center availability\">JA<\/td>\n<td class=\"duration\">CA 30 min<\/td>\n<td class=\"right\">100,00 kr.<\/td>\n<td class=\"more\"><\/td>\n<\/tr>\n<tr class=\"ui-sortable-handle\" data-id=\"75227\">\n<td class=\"name tags\">FJERNELSE AF ACRYL\/GELE NEGLE<\/td>\n<td class=\"colors\"><\/td>\n<td class=\"center availability\">JA<\/td>\n<td class=\"duration\">CA 30 min<\/td>\n<td class=\"right\">240,00 kr.<\/td>\n<td class=\"more\"><\/td>\n<\/tr>\n<\/tbody>\n<\/table>\n<\/div>\n<div class=\"box table sortable ui-sortable-handle\" data-id=\"35066\">\n<header>\n<h2>FJERNELSE AF SHELLAK\/NEGLELAK<\/h2>\n<\/header>\n<table class=\"hover-row\">\n<thead>\n<tr>\n<th>SERVICE<\/th>\n<th class=\"colors\">FARVE<\/th>\n<th class=\"availability center\">KAN BESTILLES ONLINE<\/th>\n<th class=\"duration\">VARIGHED<\/th>\n<th class=\"price right\">PRIS<\/th>\n<th class=\"more\"><\/th>\n<\/tr>\n<\/thead>\n<tbody class=\"sortable ui-sortable\" data-category-id=\"35066\">\n<tr class=\"ui-sortable-handle\" data-id=\"184961\">\n<td class=\"name tags\">FJERNELSE AF SHELLAK \/NEGLELAK P\u00c5 EGEN H\u00c6NDER U\/MANICURE<\/td>\n<td class=\"colors\"><\/td>\n<td class=\"center availability\">JA<\/td>\n<td class=\"duration\">CA 30 min<\/td>\n<td class=\"right\">240,00 kr.<\/td>\n<td class=\"more\"><\/td>\n<\/tr>\n<tr class=\"ui-sortable-handle\" data-id=\"184962\">\n<td class=\"name tags\">FJERNELSE AF SHELLAK\/NEGLELAK P\u00c5 EGEN F\u00d8DDER U\/PEDICURE<\/td>\n<td class=\"colors\"><\/td>\n<td class=\"center availability\">JA<\/td>\n<td class=\"duration\">CA 30 min<\/td>\n<td class=\"right\">350,00 kr.<\/td>\n<td class=\"more\"><\/td>\n<\/tr>\n<\/tbody>\n<\/table>\n<\/div>\n<p>PHOTO:<\/p>\n<p>PR BILLEDE 10X15 (VIA APP)\u00a0 5.-KR PR. STK<\/p>\n<p>PASBILLEDER 3,5X4,5 EU 4 BILLEDER U\/MAIL 100.-KR<\/p>\n<p>PASBILLEDER 3,5X4,4 EU 4 BILLEDER M\/MAIL 150.-KR (IKKE TILPASSET)<\/p>\n<div class=\"box table sortable ui-sortable-handle\" data-id=\"34981\"><\/div>\n<p><a href=\"https:\/\/lovesnailsdk.onlinebooq.dk\/\"><img loading=\"lazy\" decoding=\"async\" class=\"aligncenter size-medium wp-image-306\" src=\"https:\/\/lovenails.dk\/wp-content\/uploads\/2021\/10\/SlonneSurrMD22-300x76.png\" alt=\"\" width=\"300\" height=\"76\" \/><\/a><\/p>\n<p>&nbsp;<\/p>\n<p>&nbsp;<\/p>\n","protected":false},"excerpt":{"rendered":"<p>&nbsp; &nbsp; STANDARD AKRYL NYT S\u00c6T (KUNSTIG NEGLE &amp; EGEN NEGLE) SERVICE FARVE KAN BESTILLES ONLINE VARIGHED PRIS AKRYL OMBRE (NYT S\u00c6T) JA CA 75 min 680,00 kr. AKRYL PINK &amp; WHITE ( NYT S\u00c6T) JA CA 75 min 680,00 kr. AKRYL MED GLIMMER ( NYT S\u00c6T) JA CA 75 min 680,00 kr. AKRYL MED &hellip; <\/p>\n<p><a class=\"more-link btn\" href=\"https:\/\/lovenails.dk\/index.php\/priser\/\">L\u00e6s mere<\/a><\/p>\n","protected":false},"author":1,"featured_media":0,"parent":0,"menu_order":0,"comment_status":"closed","ping_status":"closed","template":"","meta":{"_crdt_document":"","slim_seo":{"title":"PRISER","description":"&nbsp; &nbsp; STANDARD AKRYL NYT S\u00c6T (KUNSTIG NEGLE &amp; EGEN NEGLE) SERVICE FARVE KAN BESTILLES ONLINE VARIGHED PRIS AKRYL OMBRE (NYT S\u00c6T) JA CA 75 min 680,00"},"footnotes":""},"class_list":["post-27","page","type-page","status-publish","hentry","nodate","item-wrap"],"jetpack_sharing_enabled":true,"_links":{"self":[{"href":"https:\/\/lovenails.dk\/index.php\/wp-json\/wp\/v2\/pages\/27","targetHints":{"allow":["GET"]}}],"collection":[{"href":"https:\/\/lovenails.dk\/index.php\/wp-json\/wp\/v2\/pages"}],"about":[{"href":"https:\/\/lovenails.dk\/index.php\/wp-json\/wp\/v2\/types\/page"}],"author":[{"embeddable":true,"href":"https:\/\/lovenails.dk\/index.php\/wp-json\/wp\/v2\/users\/1"}],"replies":[{"embeddable":true,"href":"https:\/\/lovenails.dk\/index.php\/wp-json\/wp\/v2\/comments?post=27"}],"version-history":[{"count":18,"href":"https:\/\/lovenails.dk\/index.php\/wp-json\/wp\/v2\/pages\/27\/revisions"}],"predecessor-version":[{"id":321,"href":"https:\/\/lovenails.dk\/index.php\/wp-json\/wp\/v2\/pages\/27\/revisions\/321"}],"wp:attachment":[{"href":"https:\/\/lovenails.dk\/index.php\/wp-json\/wp\/v2\/media?parent=27"}],"curies":[{"name":"wp","href":"https:\/\/api.w.org\/{rel}","templated":true}]}}