{"id":26,"date":"2021-05-03T13:46:58","date_gmt":"2021-05-03T13:46:58","guid":{"rendered":"https:\/\/lovenails.dk\/?page_id=26"},"modified":"2024-05-23T12:20:59","modified_gmt":"2024-05-23T12:20:59","slug":"find-butik","status":"publish","type":"page","link":"https:\/\/lovenails.dk\/index.php\/find-butik\/","title":{"rendered":"FIND BUTIK"},"content":{"rendered":"<p style=\"text-align: center;\"><strong><a href=\"https:\/\/www.google.dk\/maps\/place\/Frederiksgade+8,+3400+Hiller%C3%B8d\/@55.9286635,12.2985359,18z\/data=!4m5!3m4!1s0x4652409594ed52dd:0x1dd11e721108d2e3!8m2!3d55.9286433!4d12.2994736\"><img loading=\"lazy\" decoding=\"async\" class=\"size-medium wp-image-1547 aligncenter\" src=\"https:\/\/lovenails.dk\/wp-content\/uploads\/2023\/04\/DSC3856-300x157.jpg\" alt=\"\" width=\"300\" height=\"157\" srcset=\"https:\/\/lovenails.dk\/wp-content\/uploads\/2023\/04\/DSC3856-300x157.jpg 300w, https:\/\/lovenails.dk\/wp-content\/uploads\/2023\/04\/DSC3856-1024x536.jpg 1024w, https:\/\/lovenails.dk\/wp-content\/uploads\/2023\/04\/DSC3856-768x402.jpg 768w, https:\/\/lovenails.dk\/wp-content\/uploads\/2023\/04\/DSC3856-1536x804.jpg 1536w, https:\/\/lovenails.dk\/wp-content\/uploads\/2023\/04\/DSC3856-2048x1072.jpg 2048w\" sizes=\"auto, (max-width: 300px) 100vw, 300px\" \/>KLIK P\u00c5 GOOGLE MAPS BILLEDET S\u00c5 FINDER DU VEJ TIL OS<\/a><\/strong><\/p>\n<p style=\"text-align: center;\"><strong><a href=\"https:\/\/www.google.dk\/maps\/place\/Frederiksgade+8,+3400+Hiller%C3%B8d\/@55.9286635,12.2985359,18z\/data=!4m5!3m4!1s0x4652409594ed52dd:0x1dd11e721108d2e3!8m2!3d55.9286433!4d12.2994736\"><img loading=\"lazy\" decoding=\"async\" class=\"wp-image-99 aligncenter\" src=\"https:\/\/lovenails.dk\/wp-content\/uploads\/2021\/05\/Frederiksgade-8-\u2013-Google-Maps-FARVER-1.jpg\" alt=\"\" width=\"310\" height=\"305\" srcset=\"https:\/\/lovenails.dk\/wp-content\/uploads\/2021\/05\/Frederiksgade-8-\u2013-Google-Maps-FARVER-1.jpg 2241w, https:\/\/lovenails.dk\/wp-content\/uploads\/2021\/05\/Frederiksgade-8-\u2013-Google-Maps-FARVER-1-300x295.jpg 300w, https:\/\/lovenails.dk\/wp-content\/uploads\/2021\/05\/Frederiksgade-8-\u2013-Google-Maps-FARVER-1-1024x1008.jpg 1024w, https:\/\/lovenails.dk\/wp-content\/uploads\/2021\/05\/Frederiksgade-8-\u2013-Google-Maps-FARVER-1-768x756.jpg 768w, https:\/\/lovenails.dk\/wp-content\/uploads\/2021\/05\/Frederiksgade-8-\u2013-Google-Maps-FARVER-1-1536x1512.jpg 1536w, https:\/\/lovenails.dk\/wp-content\/uploads\/2021\/05\/Frederiksgade-8-\u2013-Google-Maps-FARVER-1-2048x2016.jpg 2048w\" sizes=\"auto, (max-width: 310px) 100vw, 310px\" \/><\/a><\/strong><\/p>\n<p style=\"text-align: center;\"><strong>VI LIGGER P\u00c5 HJ\u00d8RNET NORDSTEENVEJ \u2013 FREDERIKSGADE LIGE VED SLOTSARKADEREN.<\/strong><br \/>\n<strong>DU KAN TAG BUSSEN \u201cN\u00c6STEN TIL D\u00d8REN\u201d<\/strong><\/p>\n<p style=\"text-align: center;\"><strong>BUS:\u00a0301,302,303,325,326,380R<\/strong><\/p>\n<p style=\"text-align: center;\"><strong>PARKERING:<\/strong><\/p>\n<p style=\"text-align: center;\"><strong><a href=\"https:\/\/slotsarkaderne.dk\/information\/parkering\">BRUG SLOTSARKADERNES PARKERING ,DER F\u00c5 DU EN TIME GRATIS PARKERING, DER EFTER VIL DET KOSTER PENGE ELLER DOWNLOAD DERES APP OG F\u00c5 2 TIMER PARKERING , SE HVORDAN ,KLIK P\u00c5 TEKSTEN<\/a><\/strong><\/p>\n<div class=\"box table sortable ui-sortable-handle\" data-id=\"16075\">\n<p>&nbsp;<\/p>\n<\/div>\n","protected":false},"excerpt":{"rendered":"<p>KLIK P\u00c5 GOOGLE MAPS BILLEDET S\u00c5 FINDER DU VEJ TIL OS VI LIGGER P\u00c5 HJ\u00d8RNET NORDSTEENVEJ \u2013 FREDERIKSGADE LIGE VED SLOTSARKADEREN. DU KAN TAG BUSSEN \u201cN\u00c6STEN TIL D\u00d8REN\u201d BUS:\u00a0301,302,303,325,326,380R PARKERING: BRUG SLOTSARKADERNES PARKERING ,DER F\u00c5 DU EN TIME GRATIS PARKERING, DER EFTER VIL DET KOSTER PENGE ELLER DOWNLOAD DERES APP OG F\u00c5 2 TIMER PARKERING &hellip; <\/p>\n<p><a class=\"more-link btn\" href=\"https:\/\/lovenails.dk\/index.php\/find-butik\/\">L\u00e6s mere<\/a><\/p>\n","protected":false},"author":1,"featured_media":0,"parent":0,"menu_order":0,"comment_status":"closed","ping_status":"closed","template":"","meta":{"_crdt_document":"","footnotes":""},"class_list":["post-26","page","type-page","status-publish","hentry","nodate","item-wrap"],"aioseo_notices":[],"jetpack_sharing_enabled":true,"_links":{"self":[{"href":"https:\/\/lovenails.dk\/index.php\/wp-json\/wp\/v2\/pages\/26","targetHints":{"allow":["GET"]}}],"collection":[{"href":"https:\/\/lovenails.dk\/index.php\/wp-json\/wp\/v2\/pages"}],"about":[{"href":"https:\/\/lovenails.dk\/index.php\/wp-json\/wp\/v2\/types\/page"}],"author":[{"embeddable":true,"href":"https:\/\/lovenails.dk\/index.php\/wp-json\/wp\/v2\/users\/1"}],"replies":[{"embeddable":true,"href":"https:\/\/lovenails.dk\/index.php\/wp-json\/wp\/v2\/comments?post=26"}],"version-history":[{"count":16,"href":"https:\/\/lovenails.dk\/index.php\/wp-json\/wp\/v2\/pages\/26\/revisions"}],"predecessor-version":[{"id":1935,"href":"https:\/\/lovenails.dk\/index.php\/wp-json\/wp\/v2\/pages\/26\/revisions\/1935"}],"wp:attachment":[{"href":"https:\/\/lovenails.dk\/index.php\/wp-json\/wp\/v2\/media?parent=26"}],"curies":[{"name":"wp","href":"https:\/\/api.w.org\/{rel}","templated":true}]}}