{"id":25,"date":"2021-05-03T13:46:58","date_gmt":"2021-05-03T13:46:58","guid":{"rendered":"https:\/\/lovenails.dk\/?page_id=25"},"modified":"2024-05-31T13:38:45","modified_gmt":"2024-05-31T13:38:45","slug":"tidsbestilling","status":"publish","type":"page","link":"https:\/\/lovenails.dk\/index.php\/tidsbestilling\/","title":{"rendered":"TIDSBESTILLING"},"content":{"rendered":"<p><a href=\"https:\/\/love-nails-aps.planway.com\/\"><img loading=\"lazy\" decoding=\"async\" class=\"aligncenter wp-image-306 size-medium\" src=\"https:\/\/lovenails.dk\/wp-content\/uploads\/2021\/10\/SlonneSurrMD22-300x76.png\" alt=\"\" width=\"300\" height=\"76\" \/><\/a><\/p>\n<p>&nbsp;<\/p>\n<p style=\"text-align: center;\">Her kan du f\u00e5 lavet negle fra vores dygtige negleteknikker som kan lave smukke Akryl negle, Gel\u00e9 negle, Manicure og Pedicure, har du\/i nogle sp\u00f8rgsm\u00e5l<br \/>\nRING: 36 45 88 88<br \/>\nMAIL: service@lovenails.dk<\/p>\n<p style=\"text-align: center;\">REGLER TIDSBESTILLING:<br \/>\nShellak p\u00e5 b\u00f8rn fra 10 \u00e5r (vi anbefaler neglelak)<br \/>\nGele\/Akryl fra 12 \u00e5r med for\u00e6lderens tilladelse<br \/>\nAlle negleservice bliver lavet p\u00e5 egen ansvar.<br \/>\nMan kan ikke skrive sig p\u00e5 venteliste.<br \/>\nMan kan bestille en time f\u00f8r behandling.<br \/>\nMan kan afbestille 24 timer f\u00f8r behandling<br \/>\nUdeblivelse eller manglen afbestilling skal man betale 50% pr .service man har bestilt.<br \/>\nMan kan bestille 2 mdr. ud i fremtiden.<br \/>\nDer gives ikke penge retur<\/p>\n<p style=\"text-align: center;\">OBS tjek neglelak, inden du g\u00e5r ud af butikken, fordi der ikke gives \u201cgaranti\u201d p\u00e5 neglelak, form.<br \/>\nOBS v\u00e6re opm\u00e6rksom p\u00e5 andre \u00e5bningstider og produkter i de andre butikker.<\/p>\n<p style=\"text-align: center;\">BETALING: KONTANT OG MOBILEPAY.<br \/>\nVI KAN ALLE LAVE FEJL, S\u00c5 HVIS DER ER NOGLE PROBLEMER BEDES DER SKRIVES TIL OS INGEN 1-2 DAGE<br \/>\nVI KAN SE P\u00c5 DET SAMMEN, DER SENDES BILLEDER\/KOMMENTAR P\u00c5 VORES E-MAIL :<br \/>\nservice@lovenails.dk<br \/>\nDER M\u00c5 IKKE SENDES P\u00c5 ANDRE MEDIER :), VI VIL IKKE SVAR P\u00c5 DISSE, MANGE TAK:).<\/p>\n<p>&nbsp;<\/p>\n<p><a href=\"https:\/\/love-nails-aps.planway.com\/\"><img loading=\"lazy\" decoding=\"async\" class=\"aligncenter wp-image-306 size-medium\" src=\"https:\/\/lovenails.dk\/wp-content\/uploads\/2021\/10\/SlonneSurrMD22-300x76.png\" alt=\"\" width=\"300\" height=\"76\" \/><\/a><\/p>\n<p>&nbsp;<\/p>\n<p>&nbsp;<\/p>\n","protected":false},"excerpt":{"rendered":"<p>&nbsp; Her kan du f\u00e5 lavet negle fra vores dygtige negleteknikker som kan lave smukke Akryl negle, Gel\u00e9 negle, Manicure og Pedicure, har du\/i nogle sp\u00f8rgsm\u00e5l RING: 36 45 88 88 MAIL: service@lovenails.dk REGLER TIDSBESTILLING: Shellak p\u00e5 b\u00f8rn fra 10 \u00e5r (vi anbefaler neglelak) Gele\/Akryl fra 12 \u00e5r med for\u00e6lderens tilladelse Alle negleservice bliver lavet &hellip; <\/p>\n<p><a class=\"more-link btn\" href=\"https:\/\/lovenails.dk\/index.php\/tidsbestilling\/\">L\u00e6s mere<\/a><\/p>\n","protected":false},"author":1,"featured_media":0,"parent":0,"menu_order":0,"comment_status":"closed","ping_status":"closed","template":"","meta":{"_crdt_document":"","footnotes":""},"class_list":["post-25","page","type-page","status-publish","hentry","nodate","item-wrap"],"aioseo_notices":[],"jetpack_sharing_enabled":true,"_links":{"self":[{"href":"https:\/\/lovenails.dk\/index.php\/wp-json\/wp\/v2\/pages\/25","targetHints":{"allow":["GET"]}}],"collection":[{"href":"https:\/\/lovenails.dk\/index.php\/wp-json\/wp\/v2\/pages"}],"about":[{"href":"https:\/\/lovenails.dk\/index.php\/wp-json\/wp\/v2\/types\/page"}],"author":[{"embeddable":true,"href":"https:\/\/lovenails.dk\/index.php\/wp-json\/wp\/v2\/users\/1"}],"replies":[{"embeddable":true,"href":"https:\/\/lovenails.dk\/index.php\/wp-json\/wp\/v2\/comments?post=25"}],"version-history":[{"count":28,"href":"https:\/\/lovenails.dk\/index.php\/wp-json\/wp\/v2\/pages\/25\/revisions"}],"predecessor-version":[{"id":1949,"href":"https:\/\/lovenails.dk\/index.php\/wp-json\/wp\/v2\/pages\/25\/revisions\/1949"}],"wp:attachment":[{"href":"https:\/\/lovenails.dk\/index.php\/wp-json\/wp\/v2\/media?parent=25"}],"curies":[{"name":"wp","href":"https:\/\/api.w.org\/{rel}","templated":true}]}}