{"id":141,"date":"2021-05-03T18:36:14","date_gmt":"2021-05-03T18:36:14","guid":{"rendered":"https:\/\/lovenails.dk\/?page_id=141"},"modified":"2022-07-30T03:38:16","modified_gmt":"2022-07-30T03:38:16","slug":"cnd-spar","status":"publish","type":"page","link":"https:\/\/lovenails.dk\/index.php\/cnd-spar\/","title":{"rendered":"CND SPAR"},"content":{"rendered":"<p><strong>CND\u2122 SPA behandlinger<\/strong><\/p>\n<p><strong>Inspiration til krop og sj\u00e6l<\/strong><\/p>\n<p><strong>Opn\u00e5 perfekt og velplejet hud p\u00e5 h\u00e6nder og f\u00f8dder.<\/strong><br \/>\n<strong>Fortryl dine kunder med sensuelle spa-behandlinger.<\/strong><br \/>\n<strong>Produkter, der kun best\u00e5r af de bedste ingredienser: Aloe, Pantenol, Honning, Sangelholz, Havsalt, Jojobaolie, Arganolie og meget mere.<\/strong><\/p>\n<p><strong>CND\u2122 Cucumber Heel Therapy\u2122<\/strong><\/p>\n<p><strong>KLARG\u00d8RING. UDGLATNING. FORNY.<\/strong><br \/>\n<strong>CND\u2122 Cucumber Heel Therapy og Callus Smoother &#8211; et musthave produkt til enhver pedicure behandling!<\/strong><br \/>\n<strong>H\u00f8jkvalitets ingredienser, s\u00e5som AHA-frugtsyrer peeler huden og f\u00e5r den samtidigt til at skinne, da ren agurke-ekstrakt og beroligende panthenol sikrer, at dine kunders hud bliver plejet p\u00e5 en perfekt m\u00e5de.<\/strong><\/p>\n<p><strong>CND\u2122 Spa Bright Citron\u2122<\/strong><\/p>\n<p><strong>INVITERER. AKTIVERER. GENOPRETTER.<\/strong><br \/>\n<strong>Friske og naturlige ingredienser revolutionerer din manicure og pedicure. Inspireret af havets lethed og suppleret med friske citrusingredienser, giver de aktive ingredienser som ren arganolie, rig jojobaolie og naturlige ingredienser som honning og havsalt huden mulighed for at \u00e5nde igen. Kan anvendes b\u00e5de til manicure og pedicure.<\/strong><\/p>\n<p><strong>CND\u2122 Spa Gardenia Woods\u2122<\/strong><\/p>\n<p><strong>FORK\u00c6LELSE. FORFRISKENDE. BEROLIGENDE.<\/strong><br \/>\n<strong>Gardenia Woods\u2122 &#8211; SPA-serie fra CND\u2122 til bl\u00f8d hud ved hver behandling. Oplev en n\u00e6rende fugt og silkeagtige teksturer. Fork\u00e6l dine kunder med denne luksuri\u00f8se spa-behandling takket v\u00e6re den fugtgivende formel, der \u00f8jeblikkeligt fremkalder en bl\u00f8d og velplejet hud.\u00a0Kan anvendes b\u00e5de til manicure og pedicure.<\/strong><\/p>\n<p><strong>CND\u2122 Spa Sugar Vanilla\u2122<\/strong><\/p>\n<p><strong>OMSORG. FORN\u00d8JELSE. AFSLAPNING.<\/strong><br \/>\n<strong>Brunt sukker og olivenolie af h\u00f8j kvalitet passer til dine kunders h\u00e6nder og f\u00f8dder. Den blide duft er velegnet til alle \u00e5rstider og er altid popul\u00e6r.<\/strong><\/p>\n<p><strong>ALMOND SPAMANICURE\u2122<\/strong><\/p>\n<p><strong>BEROLIGENDE. UD\u00c5NDELSE. FORK\u00c6LELSE.<\/strong><br \/>\n<strong>En samling af de bedste spa-produkter baseret p\u00e5 s\u00f8demandelolie. H\u00f8jkvalitets ingredienser der n\u00e6rer, fugter og forsigtigt eksfolierer huden. S\u00f8d mandelolie, jojobaolie og vitamin E efterlader huden bl\u00f8d med en en fantastisk gl\u00f8d.<\/strong><\/p>\n<p><strong>CITRUS SPAMANICURE\u2122<\/strong><\/p>\n<p><strong>UDGLATNING. FORNYELSE. LIV.<\/strong><br \/>\n<strong>En symfoni af spa-produkter af h\u00f8j kvalitet fremstillet af \u00e6teriske olier, E-vitamin og anti-aging stoffer, der stimulerer dine sanser og samtidig har en klarende, beroligende og forfriskende effekt. Den sp\u00e6ndende aroma bliver fornyet hver gang og stimulerer sanserne. velegnet til b\u00e5de m\u00e6nd og kvinder.<\/strong><\/p>\n<p><strong>MARINE SPAPEDICURE\u2122<\/strong><\/p>\n<p><strong>INVITERER. AKTIVERER. GENOPRETTER.<\/strong><br \/>\n<strong>Spa pedicure-behandlinger, der f\u00e5r dine kunder til at dr\u00f8mme. En behandling baceret p\u00e5 marinebotaniske ingredienser. Virker beroligende og k\u00f8lende p\u00e5 huden. En behandling, der genopfrisker og genopliver selv de mest tr\u00e6tte og kr\u00e6vende f\u00f8dder.<\/strong><\/p>\n<p><strong>Scentsations\u2122<\/strong><\/p>\n<p><strong>Aromaterapeutisk krops- og vaskelotioner<\/strong><br \/>\n<strong>Fork\u00e6l din krop og dit sind med Scentsations. En serie best\u00e5ende af aromaterapeutiske h\u00e5nd- og kropsplejeprodukter.\u00a0Scentsations indeholder A- og E- vitamin samt Aloe Vera, som tilf\u00f8rer huden ekstra fugt, med en unik sammens\u00e6tning af urter og vitaminer.<\/strong><\/p>\n<p>&nbsp;<\/p>\n<p>&nbsp;<\/p>\n","protected":false},"excerpt":{"rendered":"<p>CND\u2122 SPA behandlinger Inspiration til krop og sj\u00e6l Opn\u00e5 perfekt og velplejet hud p\u00e5 h\u00e6nder og f\u00f8dder. Fortryl dine kunder med sensuelle spa-behandlinger. Produkter, der kun best\u00e5r af de bedste ingredienser: Aloe, Pantenol, Honning, Sangelholz, Havsalt, Jojobaolie, Arganolie og meget mere. CND\u2122 Cucumber Heel Therapy\u2122 KLARG\u00d8RING. UDGLATNING. FORNY. CND\u2122 Cucumber Heel Therapy og Callus Smoother &hellip; <\/p>\n<p><a class=\"more-link btn\" href=\"https:\/\/lovenails.dk\/index.php\/cnd-spar\/\">L\u00e6s mere<\/a><\/p>\n","protected":false},"author":1,"featured_media":0,"parent":0,"menu_order":0,"comment_status":"closed","ping_status":"closed","template":"","meta":{"_crdt_document":"","slim_seo":{"title":"CND SPAR","description":"CND\u2122 SPA behandlinger Inspiration til krop og sj\u00e6l Opn\u00e5 perfekt og velplejet hud p\u00e5 h\u00e6nder og f\u00f8dder. Fortryl dine kunder med sensuelle spa-behandlinger. Produk"},"footnotes":""},"class_list":["post-141","page","type-page","status-publish","hentry","nodate","item-wrap"],"jetpack_sharing_enabled":true,"_links":{"self":[{"href":"https:\/\/lovenails.dk\/index.php\/wp-json\/wp\/v2\/pages\/141","targetHints":{"allow":["GET"]}}],"collection":[{"href":"https:\/\/lovenails.dk\/index.php\/wp-json\/wp\/v2\/pages"}],"about":[{"href":"https:\/\/lovenails.dk\/index.php\/wp-json\/wp\/v2\/types\/page"}],"author":[{"embeddable":true,"href":"https:\/\/lovenails.dk\/index.php\/wp-json\/wp\/v2\/users\/1"}],"replies":[{"embeddable":true,"href":"https:\/\/lovenails.dk\/index.php\/wp-json\/wp\/v2\/comments?post=141"}],"version-history":[{"count":6,"href":"https:\/\/lovenails.dk\/index.php\/wp-json\/wp\/v2\/pages\/141\/revisions"}],"predecessor-version":[{"id":1035,"href":"https:\/\/lovenails.dk\/index.php\/wp-json\/wp\/v2\/pages\/141\/revisions\/1035"}],"wp:attachment":[{"href":"https:\/\/lovenails.dk\/index.php\/wp-json\/wp\/v2\/media?parent=141"}],"curies":[{"name":"wp","href":"https:\/\/api.w.org\/{rel}","templated":true}]}}